{"id":1737,"date":"2023-05-30T20:03:39","date_gmt":"2023-05-30T20:03:39","guid":{"rendered":"https:\/\/basilica.easywebecuador.com\/?page_id=1737"},"modified":"2023-07-06T17:53:53","modified_gmt":"2023-07-06T17:53:53","slug":"the-hotel","status":"publish","type":"page","link":"https:\/\/hotelbasilicaquito.com\/es\/the-hotel\/","title":{"rendered":"El Hotel"},"content":{"rendered":"<div data-elementor-type=\"wp-page\" data-elementor-id=\"1737\" class=\"elementor elementor-1737\" data-elementor-post-type=\"page\">\n\t\t\t\t\t\t<section class=\"elementor-section elementor-top-section elementor-element elementor-element-df6f3ca elementor-section-full_width elementor-section-height-min-height elementor-section-stretched elementor-section-height-default elementor-section-items-middle wpr-particle-no wpr-jarallax-no wpr-parallax-no wpr-sticky-section-no\" data-id=\"df6f3ca\" data-element_type=\"section\" data-e-type=\"section\" data-settings=\"{&quot;stretch_section&quot;:&quot;section-stretched&quot;,&quot;background_background&quot;:&quot;classic&quot;}\">\n\t\t\t\t\t\t<div class=\"elementor-container elementor-column-gap-no\">\n\t\t\t\t\t<div class=\"elementor-column elementor-col-100 elementor-top-column elementor-element elementor-element-1f0f5e7\" data-id=\"1f0f5e7\" data-element_type=\"column\" data-e-type=\"column\">\n\t\t\t<div class=\"elementor-widget-wrap\">\n\t\t\t\t\t\t\t<\/div>\n\t\t<\/div>\n\t\t\t\t\t<\/div>\n\t\t<\/section>\n\t\t\t\t<section class=\"elementor-section elementor-top-section elementor-element elementor-element-53bd3a1 elementor-section-boxed elementor-section-height-default elementor-section-height-default wpr-particle-no wpr-jarallax-no wpr-parallax-no wpr-sticky-section-no\" data-id=\"53bd3a1\" data-element_type=\"section\" data-e-type=\"section\">\n\t\t\t\t\t\t<div class=\"elementor-container elementor-column-gap-default\">\n\t\t\t\t\t<div class=\"elementor-column elementor-col-50 elementor-top-column elementor-element elementor-element-5968b86\" data-id=\"5968b86\" data-element_type=\"column\" data-e-type=\"column\">\n\t\t\t<div class=\"elementor-widget-wrap elementor-element-populated\">\n\t\t\t\t\t\t<div class=\"elementor-element elementor-element-eaa7017 elementor-widget elementor-widget-heading\" data-id=\"eaa7017\" data-element_type=\"widget\" data-e-type=\"widget\" data-widget_type=\"heading.default\">\n\t\t\t\t\t<h2 class=\"elementor-heading-title elementor-size-default\">El Hotel<\/h2>\t\t\t\t<\/div>\n\t\t\t\t<div class=\"elementor-element elementor-element-aa9a9a1 elementor-widget elementor-widget-image\" data-id=\"aa9a9a1\" data-element_type=\"widget\" data-e-type=\"widget\" data-widget_type=\"image.default\">\n\t\t\t\t\t\t\t\t\t\t\t\t\t\t\t<img decoding=\"async\" width=\"300\" height=\"16\" src=\"https:\/\/hotelbasilicaquito.com\/wp-content\/uploads\/2019\/01\/bar_separator.png\" class=\"attachment-large size-large wp-image-545\" alt=\"\" \/>\t\t\t\t\t\t\t\t\t\t\t\t\t\t\t<\/div>\n\t\t\t\t<div class=\"elementor-element elementor-element-9d7349f elementor-widget elementor-widget-text-editor\" data-id=\"9d7349f\" data-element_type=\"widget\" data-e-type=\"widget\" data-widget_type=\"text-editor.default\">\n\t\t\t\t\t\t\t\t\t<p>Vive una nueva experiencia de hospedaje en tu aventura en Quito, Hotel La Bas\u00edlica est\u00e1 ubicado en el coraz\u00f3n del centro hist\u00f3rico de la capital, en una casa neocl\u00e1sica restaurada con detalles \u00fanicos, nuestras 13 habitaciones ofrecen comodidad, y cada una cuenta una historia de lo propio, a trav\u00e9s del mural pintado a mano en cada una de ellas, adem\u00e1s, de sus muebles tallados a mano por artesanos ecuatorianos, disfrute y sue\u00f1e placenteramente en cada habitaci\u00f3n y descubra por qu\u00e9 Quito fue declarado primer patrimonio cultural de la humanidad.<\/p>\t\t\t\t\t\t\t\t<\/div>\n\t\t\t\t\t<\/div>\n\t\t<\/div>\n\t\t\t\t<div class=\"elementor-column elementor-col-50 elementor-top-column elementor-element elementor-element-4da0dd5\" data-id=\"4da0dd5\" data-element_type=\"column\" data-e-type=\"column\">\n\t\t\t<div class=\"elementor-widget-wrap elementor-element-populated\">\n\t\t\t\t\t\t<div class=\"elementor-element elementor-element-128040d elementor-arrows-position-inside elementor-pagination-position-outside elementor-widget elementor-widget-image-carousel\" data-id=\"128040d\" data-element_type=\"widget\" data-e-type=\"widget\" data-settings=\"{&quot;slides_to_show&quot;:&quot;1&quot;,&quot;navigation&quot;:&quot;both&quot;,&quot;autoplay&quot;:&quot;yes&quot;,&quot;pause_on_hover&quot;:&quot;yes&quot;,&quot;pause_on_interaction&quot;:&quot;yes&quot;,&quot;autoplay_speed&quot;:5000,&quot;infinite&quot;:&quot;yes&quot;,&quot;effect&quot;:&quot;slide&quot;,&quot;speed&quot;:500}\" data-widget_type=\"image-carousel.default\">\n\t\t\t\t\t\t\t<div class=\"elementor-image-carousel-wrapper swiper\" role=\"region\" aria-roledescription=\"carousel\" aria-label=\"Image Carousel\" dir=\"ltr\">\n\t\t\t<div class=\"elementor-image-carousel swiper-wrapper\" aria-live=\"off\">\n\t\t\t\t\t\t\t\t<div class=\"swiper-slide\" role=\"group\" aria-roledescription=\"slide\" aria-label=\"1 of 5\"><figure class=\"swiper-slide-inner\"><img decoding=\"async\" class=\"swiper-slide-image\" src=\"https:\/\/hotelbasilicaquito.com\/wp-content\/uploads\/2023\/05\/fachada-basilica-2-scaled.jpg\" alt=\"fachada-basilica-2\" \/><\/figure><\/div><div class=\"swiper-slide\" role=\"group\" aria-roledescription=\"slide\" aria-label=\"2 of 5\"><figure class=\"swiper-slide-inner\"><img decoding=\"async\" class=\"swiper-slide-image\" src=\"https:\/\/hotelbasilicaquito.com\/wp-content\/uploads\/2019\/04\/Hotel-Boutique-Basilica-centro-historico-de-Quito-Ecuador-el-hotel-1.jpg\" alt=\"Hotel-Boutique-Basi\u0301lica,-centro-histo\u0301rico-de-Quito,-Ecuador,-el-hotel-1\" \/><\/figure><\/div><div class=\"swiper-slide\" role=\"group\" aria-roledescription=\"slide\" aria-label=\"3 of 5\"><figure class=\"swiper-slide-inner\"><img decoding=\"async\" class=\"swiper-slide-image\" src=\"https:\/\/hotelbasilicaquito.com\/wp-content\/uploads\/2019\/09\/El-Quinche4-scaled.jpg\" alt=\"El Quinche4\" \/><\/figure><\/div><div class=\"swiper-slide\" role=\"group\" aria-roledescription=\"slide\" aria-label=\"4 of 5\"><figure class=\"swiper-slide-inner\"><img decoding=\"async\" class=\"swiper-slide-image\" src=\"https:\/\/hotelbasilicaquito.com\/wp-content\/uploads\/2019\/04\/Hotel-Boutique-La-Basilica-Quito-Ecuador34.jpg\" alt=\"Hotel-Boutique-La Basilica-Quito-Ecuador34\" \/><\/figure><\/div><div class=\"swiper-slide\" role=\"group\" aria-roledescription=\"slide\" aria-label=\"5 of 5\"><figure class=\"swiper-slide-inner\"><img decoding=\"async\" class=\"swiper-slide-image\" src=\"https:\/\/hotelbasilicaquito.com\/wp-content\/uploads\/2019\/04\/Hotel-Boutique-Basilica-centro-historico-de-Quito-Ecuador-el-hotel-2.jpg\" alt=\"Hotel-Boutique-Basi\u0301lica,-centro-histo\u0301rico-de-Quito,-Ecuador,-el-hotel-2\" \/><\/figure><\/div>\t\t\t<\/div>\n\t\t\t\t\t\t\t\t\t\t\t\t<div class=\"elementor-swiper-button elementor-swiper-button-prev\" role=\"button\" tabindex=\"0\">\n\t\t\t\t\t\t<svg aria-hidden=\"true\" class=\"e-font-icon-svg e-eicon-chevron-left\" viewbox=\"0 0 1000 1000\" xmlns=\"http:\/\/www.w3.org\/2000\/svg\"><path d=\"M646 125C629 125 613 133 604 142L308 442C296 454 292 471 292 487 292 504 296 521 308 533L604 854C617 867 629 875 646 875 663 875 679 871 692 858 704 846 713 829 713 812 713 796 708 779 692 767L438 487 692 225C700 217 708 204 708 187 708 171 704 154 692 142 675 129 663 125 646 125Z\"><\/path><\/svg>\t\t\t\t\t<\/div>\n\t\t\t\t\t<div class=\"elementor-swiper-button elementor-swiper-button-next\" role=\"button\" tabindex=\"0\">\n\t\t\t\t\t\t<svg aria-hidden=\"true\" class=\"e-font-icon-svg e-eicon-chevron-right\" viewbox=\"0 0 1000 1000\" xmlns=\"http:\/\/www.w3.org\/2000\/svg\"><path d=\"M696 533C708 521 713 504 713 487 713 471 708 454 696 446L400 146C388 133 375 125 354 125 338 125 325 129 313 142 300 154 292 171 292 187 292 204 296 221 308 233L563 492 304 771C292 783 288 800 288 817 288 833 296 850 308 863 321 871 338 875 354 875 371 875 388 867 400 854L696 533Z\"><\/path><\/svg>\t\t\t\t\t<\/div>\n\t\t\t\t\n\t\t\t\t\t\t\t\t\t<div class=\"swiper-pagination\"><\/div>\n\t\t\t\t\t\t\t\t\t<\/div>\n\t\t\t\t\t\t<\/div>\n\t\t\t\t\t<\/div>\n\t\t<\/div>\n\t\t\t\t\t<\/div>\n\t\t<\/section>\n\t\t\t\t<section class=\"elementor-section elementor-top-section elementor-element elementor-element-9e835c6 elementor-section-boxed elementor-section-height-default elementor-section-height-default wpr-particle-no wpr-jarallax-no wpr-parallax-no wpr-sticky-section-no\" data-id=\"9e835c6\" data-element_type=\"section\" data-e-type=\"section\">\n\t\t\t\t\t\t<div class=\"elementor-container elementor-column-gap-default\">\n\t\t\t\t\t<div class=\"elementor-column elementor-col-25 elementor-top-column elementor-element elementor-element-f4acf24\" data-id=\"f4acf24\" data-element_type=\"column\" data-e-type=\"column\">\n\t\t\t<div class=\"elementor-widget-wrap elementor-element-populated\">\n\t\t\t\t\t\t<div class=\"elementor-element elementor-element-a766d25 elementor-widget elementor-widget-heading\" data-id=\"a766d25\" data-element_type=\"widget\" data-e-type=\"widget\" data-widget_type=\"heading.default\">\n\t\t\t\t\t<h2 class=\"elementor-heading-title elementor-size-default\">Excelente Ubicaci\u00f3n<\/h2>\t\t\t\t<\/div>\n\t\t\t\t<div class=\"elementor-element elementor-element-2a1a0f4 elementor-widget elementor-widget-text-editor\" data-id=\"2a1a0f4\" data-element_type=\"widget\" data-e-type=\"widget\" data-widget_type=\"text-editor.default\">\n\t\t\t\t\t\t\t\t\t<p><em>En la misma v\u00eda que conduce al Panecillo con la Virgen de Quito por el sur y la imponente majestuosidad de la Bas\u00edlica del Voto Nacional por el norte, nos ubicamos en el coraz\u00f3n del Centro Hist\u00f3rico de Quito dentro de una casona de la \u00e9poca colonial. <\/em><\/p>\t\t\t\t\t\t\t\t<\/div>\n\t\t\t\t\t<\/div>\n\t\t<\/div>\n\t\t\t\t<div class=\"elementor-column elementor-col-25 elementor-top-column elementor-element elementor-element-9b00284\" data-id=\"9b00284\" data-element_type=\"column\" data-e-type=\"column\">\n\t\t\t<div class=\"elementor-widget-wrap elementor-element-populated\">\n\t\t\t\t\t\t<div class=\"elementor-element elementor-element-f18647b elementor-widget elementor-widget-heading\" data-id=\"f18647b\" data-element_type=\"widget\" data-e-type=\"widget\" data-widget_type=\"heading.default\">\n\t\t\t\t\t<h2 class=\"elementor-heading-title elementor-size-default\">Habitaciones<\/h2>\t\t\t\t<\/div>\n\t\t\t\t<div class=\"elementor-element elementor-element-119b436 elementor-widget elementor-widget-text-editor\" data-id=\"119b436\" data-element_type=\"widget\" data-e-type=\"widget\" data-widget_type=\"text-editor.default\">\n\t\t\t\t\t\t\t\t\t<p><em>Nuestras 13 habitaciones est\u00e1n decoradas cada una con una pintura del nombre de una iglesia representativa del Centro Hist\u00f3rico de Quito, a\u00fan conservan los pisos originales de madera de la \u00e9poca colonial. Pru\u00e9balos y vive una experiencia diferente sumergi\u00e9ndote en la historia que nos cuenta por qu\u00e9 Quito y sus iglesias son patrimonio de la humanidad, cada mueble tallado a mano por artesanos ecuatorianos te har\u00e1 vivir una experiencia \u00fanica, volviendo al pasado con las comodidades del presente.<\/em><\/p>\t\t\t\t\t\t\t\t<\/div>\n\t\t\t\t\t<\/div>\n\t\t<\/div>\n\t\t\t\t<div class=\"elementor-column elementor-col-25 elementor-top-column elementor-element elementor-element-36b2cff\" data-id=\"36b2cff\" data-element_type=\"column\" data-e-type=\"column\">\n\t\t\t<div class=\"elementor-widget-wrap elementor-element-populated\">\n\t\t\t\t\t\t<div class=\"elementor-element elementor-element-07ea8ec elementor-widget elementor-widget-heading\" data-id=\"07ea8ec\" data-element_type=\"widget\" data-e-type=\"widget\" data-widget_type=\"heading.default\">\n\t\t\t\t\t<h2 class=\"elementor-heading-title elementor-size-default\">Nuestros Servicios<\/h2>\t\t\t\t<\/div>\n\t\t\t\t<div class=\"elementor-element elementor-element-d45f266 elementor-widget elementor-widget-text-editor\" data-id=\"d45f266\" data-element_type=\"widget\" data-e-type=\"widget\" data-widget_type=\"text-editor.default\">\n\t\t\t\t\t\t\t\t\t<p><em>Para hacer m\u00e1s c\u00f3moda su estad\u00eda nuestros servicios son: Wifi de alta velocidad, TV de pantalla plana con Direct TV, servicio de mucama diario, internet fijo y caja de seguridad en todas las habitaciones.<\/em><\/p>\t\t\t\t\t\t\t\t<\/div>\n\t\t\t\t\t<\/div>\n\t\t<\/div>\n\t\t\t\t<div class=\"elementor-column elementor-col-25 elementor-top-column elementor-element elementor-element-7de73b5\" data-id=\"7de73b5\" data-element_type=\"column\" data-e-type=\"column\">\n\t\t\t<div class=\"elementor-widget-wrap elementor-element-populated\">\n\t\t\t\t\t\t<div class=\"elementor-element elementor-element-b3326ac elementor-widget elementor-widget-heading\" data-id=\"b3326ac\" data-element_type=\"widget\" data-e-type=\"widget\" data-widget_type=\"heading.default\">\n\t\t\t\t\t<h2 class=\"elementor-heading-title elementor-size-default\">Entretenimiento<\/h2>\t\t\t\t<\/div>\n\t\t\t\t<div class=\"elementor-element elementor-element-9263ee8 elementor-widget elementor-widget-text-editor\" data-id=\"9263ee8\" data-element_type=\"widget\" data-e-type=\"widget\" data-widget_type=\"text-editor.default\">\n\t\t\t\t\t\t\t\t\t<p class=\"translation-block\"><em>Centro de negocios, mirador panor\u00e1mico por el Centro Hist\u00f3rico, cafeter\u00eda, Tour, sala de lectura, tienda de artesan\u00edas La Bas\u00edlica, traslado del aeropuerto al Hotel, calefacci\u00f3n, recepci\u00f3n disponible las 24 horas del d\u00eda asesoramiento gratuito sobre necesidades.<br>Espec\u00edficas : Turismo, actividades culturales, espect\u00e1culos, reservas, otros. No hay Estacionamiento, No se permiten Mascotas, servicio de lavander\u00eda con costo.<\/em><\/p>\t\t\t\t\t\t\t\t<\/div>\n\t\t\t\t\t<\/div>\n\t\t<\/div>\n\t\t\t\t\t<\/div>\n\t\t<\/section>\n\t\t\t\t<\/div>","protected":false},"excerpt":{"rendered":"<p>The Hotel Live a new experience of lodging in your adventure in Quito, La Bas\u00edlica Hotel is located in the heart of the historic center of the capital, in a neoclassical house restored with unique details, our 13 rooms offer comfort, and every single one tell a story of its own, trough the mural painted by hand in each one of them, in addition, of its furniture carved by hand by Ecuadorian artisans, enjoy and dream pleasantly in each room and discover why Quito was declared the first cultural heritage of The humanity. Excellent Location On the same road that leads to Panecillo with the Virgin of Quito from the south and the imposing majesty of the Basilica del Voto Nacional to the north, we are located in the heart of the Historic Center of Quito within a house from the colonial era. Bedrooms Our 13 rooms are each decorated with a painting of the name of a representative church of the Historic Center of Quito, they still have the original floors of wood from colonial times. Try them and live a different experience immersing yourself in the story that tells us why Quito and its churches are world heritage, each furniture carved by hand by Ecuadorian artisans will make you live a unique experience, returning to the past with the comforts of the present Our Services To make your stay more comfortable our services are: High speed Wifi, Flat screen TV with Direct TV, daily maid service, fixed internet and a safe in all rooms. Entertainment Business center, panoramic viewpoint around the Historic Center, cafeteria, Tour, reading room, craft shop La Basilica, transfer from the airport to the Hotel, heating, reception available 24 hours a day free advice on needs.Specific: Tourism, cultural activities, shows, reservations, others. There is not Parking, Pets are not allowed, laundry service with cost.<\/p>","protected":false},"author":1,"featured_media":0,"parent":0,"menu_order":0,"comment_status":"closed","ping_status":"closed","template":"elementor_canvas","meta":{"footnotes":""},"class_list":["post-1737","page","type-page","status-publish","hentry"],"_links":{"self":[{"href":"https:\/\/hotelbasilicaquito.com\/es\/wp-json\/wp\/v2\/pages\/1737","targetHints":{"allow":["GET"]}}],"collection":[{"href":"https:\/\/hotelbasilicaquito.com\/es\/wp-json\/wp\/v2\/pages"}],"about":[{"href":"https:\/\/hotelbasilicaquito.com\/es\/wp-json\/wp\/v2\/types\/page"}],"author":[{"embeddable":true,"href":"https:\/\/hotelbasilicaquito.com\/es\/wp-json\/wp\/v2\/users\/1"}],"replies":[{"embeddable":true,"href":"https:\/\/hotelbasilicaquito.com\/es\/wp-json\/wp\/v2\/comments?post=1737"}],"version-history":[{"count":19,"href":"https:\/\/hotelbasilicaquito.com\/es\/wp-json\/wp\/v2\/pages\/1737\/revisions"}],"predecessor-version":[{"id":2264,"href":"https:\/\/hotelbasilicaquito.com\/es\/wp-json\/wp\/v2\/pages\/1737\/revisions\/2264"}],"wp:attachment":[{"href":"https:\/\/hotelbasilicaquito.com\/es\/wp-json\/wp\/v2\/media?parent=1737"}],"curies":[{"name":"wp","href":"https:\/\/api.w.org\/{rel}","templated":true}]}}