{"id":1793,"date":"2023-05-30T20:40:04","date_gmt":"2023-05-30T20:40:04","guid":{"rendered":"https:\/\/basilica.easywebecuador.com\/?page_id=1793"},"modified":"2023-07-10T20:24:59","modified_gmt":"2023-07-10T20:24:59","slug":"superior-rooms","status":"publish","type":"page","link":"https:\/\/hotelbasilicaquito.com\/es\/superior-rooms\/","title":{"rendered":"Habitaciones Superiores"},"content":{"rendered":"<div data-elementor-type=\"wp-page\" data-elementor-id=\"1793\" class=\"elementor elementor-1793\" data-elementor-post-type=\"page\">\n\t\t\t\t\t\t<section class=\"elementor-section elementor-top-section elementor-element elementor-element-6024c9c1 elementor-section-full_width elementor-section-height-min-height elementor-section-stretched elementor-section-height-default elementor-section-items-middle wpr-particle-no wpr-jarallax-no wpr-parallax-no wpr-sticky-section-no\" data-id=\"6024c9c1\" data-element_type=\"section\" data-e-type=\"section\" data-settings=\"{&quot;stretch_section&quot;:&quot;section-stretched&quot;,&quot;background_background&quot;:&quot;classic&quot;}\">\n\t\t\t\t\t\t<div class=\"elementor-container elementor-column-gap-no\">\n\t\t\t\t\t<div class=\"elementor-column elementor-col-100 elementor-top-column elementor-element elementor-element-71e6d7f1\" data-id=\"71e6d7f1\" data-element_type=\"column\" data-e-type=\"column\">\n\t\t\t<div class=\"elementor-widget-wrap\">\n\t\t\t\t\t\t\t<\/div>\n\t\t<\/div>\n\t\t\t\t\t<\/div>\n\t\t<\/section>\n\t\t\t\t<section class=\"elementor-section elementor-top-section elementor-element elementor-element-20cdc1ae elementor-section-boxed elementor-section-height-default elementor-section-height-default wpr-particle-no wpr-jarallax-no wpr-parallax-no wpr-sticky-section-no\" data-id=\"20cdc1ae\" data-element_type=\"section\" data-e-type=\"section\">\n\t\t\t\t\t\t<div class=\"elementor-container elementor-column-gap-default\">\n\t\t\t\t\t<div class=\"elementor-column elementor-col-33 elementor-top-column elementor-element elementor-element-387ff8c4\" data-id=\"387ff8c4\" data-element_type=\"column\" data-e-type=\"column\">\n\t\t\t<div class=\"elementor-widget-wrap elementor-element-populated\">\n\t\t\t\t\t\t<div class=\"elementor-element elementor-element-138e43ae elementor-widget elementor-widget-heading\" data-id=\"138e43ae\" data-element_type=\"widget\" data-e-type=\"widget\" data-widget_type=\"heading.default\">\n\t\t\t\t\t<h2 class=\"elementor-heading-title elementor-size-default\">Habitaciones Superiores<\/h2>\t\t\t\t<\/div>\n\t\t\t\t<div class=\"elementor-element elementor-element-5f81c84b elementor-widget elementor-widget-image\" data-id=\"5f81c84b\" data-element_type=\"widget\" data-e-type=\"widget\" data-widget_type=\"image.default\">\n\t\t\t\t\t\t\t\t\t\t\t\t\t\t\t<img decoding=\"async\" width=\"300\" height=\"16\" src=\"https:\/\/hotelbasilicaquito.com\/wp-content\/uploads\/2019\/01\/bar_separator.png\" class=\"attachment-large size-large wp-image-545\" alt=\"\" \/>\t\t\t\t\t\t\t\t\t\t\t\t\t\t\t<\/div>\n\t\t\t\t<div class=\"elementor-element elementor-element-5afcb63d elementor-widget elementor-widget-text-editor\" data-id=\"5afcb63d\" data-element_type=\"widget\" data-e-type=\"widget\" data-widget_type=\"text-editor.default\">\n\t\t\t\t\t\t\t\t\t<p>These rooms can accommodate 1 to 2 people with a king-size bed, furniture such as beds, desk, wardrobe, tables and chairs carved in wood by hand. All rooms have heating, smoke free.<\/p>\t\t\t\t\t\t\t\t<\/div>\n\t\t\t\t<div class=\"elementor-element elementor-element-7cb5e0ef elementor-align-center elementor-widget elementor-widget-button\" data-id=\"7cb5e0ef\" data-element_type=\"widget\" data-e-type=\"widget\" data-widget_type=\"button.default\">\n\t\t\t\t\t\t\t\t\t\t<a class=\"elementor-button elementor-button-link elementor-size-sm\" href=\"\/es\/book-now\/\">\n\t\t\t\t\t\t<span class=\"elementor-button-content-wrapper\">\n\t\t\t\t\t\t\t\t\t<span class=\"elementor-button-text\">Book Now<\/span>\n\t\t\t\t\t<\/span>\n\t\t\t\t\t<\/a>\n\t\t\t\t\t\t\t\t<\/div>\n\t\t\t\t\t<\/div>\n\t\t<\/div>\n\t\t\t\t<div class=\"elementor-column elementor-col-33 elementor-top-column elementor-element elementor-element-f303100\" data-id=\"f303100\" data-element_type=\"column\" data-e-type=\"column\">\n\t\t\t<div class=\"elementor-widget-wrap elementor-element-populated\">\n\t\t\t\t\t\t<div class=\"elementor-element elementor-element-293fe4f9 elementor-widget elementor-widget-heading\" data-id=\"293fe4f9\" data-element_type=\"widget\" data-e-type=\"widget\" data-widget_type=\"heading.default\">\n\t\t\t\t\t<h2 class=\"elementor-heading-title elementor-size-default\"><a href=\"\/es\/superior-rooms\/la-compania\/\">La Compa\u00f1\u00eda<\/a><\/h2>\t\t\t\t<\/div>\n\t\t\t\t<div class=\"elementor-element elementor-element-1bb7728 elementor-widget elementor-widget-image\" data-id=\"1bb7728\" data-element_type=\"widget\" data-e-type=\"widget\" data-widget_type=\"image.default\">\n\t\t\t\t\t\t\t\t\t\t\t\t\t\t\t\t<a href=\"\/es\/superior-rooms\/la-compania\/\">\n\t\t\t\t\t\t\t<img decoding=\"async\" src=\"https:\/\/hotelbasilicaquito.com\/wp-content\/uploads\/elementor\/thumbs\/Hotel-basilica-habitacion-superior-la-compania-2-min-scaled-qmua1sclcfxrhyeuu6mbj4d3u5dmzxpu42krri7dtk.jpg\" title=\"Hotel-basilica-habitacion-superior-la-compania-2-min\" alt=\"Hotel-basilica-habitacion-superior-la-compania-2-min\" loading=\"lazy\" \/>\t\t\t\t\t\t\t\t<\/a>\n\t\t\t\t\t\t\t\t\t\t\t\t\t\t\t<\/div>\n\t\t\t\t<div class=\"elementor-element elementor-element-286decf elementor-align-center elementor-widget elementor-widget-button\" data-id=\"286decf\" data-element_type=\"widget\" data-e-type=\"widget\" data-widget_type=\"button.default\">\n\t\t\t\t\t\t\t\t\t\t<a class=\"elementor-button elementor-button-link elementor-size-sm\" href=\"\/es\/superior-rooms\/la-compania\/\">\n\t\t\t\t\t\t<span class=\"elementor-button-content-wrapper\">\n\t\t\t\t\t\t\t\t\t<span class=\"elementor-button-text\">Ver habitaci\u00f3n<\/span>\n\t\t\t\t\t<\/span>\n\t\t\t\t\t<\/a>\n\t\t\t\t\t\t\t\t<\/div>\n\t\t\t\t\t<\/div>\n\t\t<\/div>\n\t\t\t\t<div class=\"elementor-column elementor-col-33 elementor-top-column elementor-element elementor-element-37b570d5\" data-id=\"37b570d5\" data-element_type=\"column\" data-e-type=\"column\">\n\t\t\t<div class=\"elementor-widget-wrap elementor-element-populated\">\n\t\t\t\t\t\t<div class=\"elementor-element elementor-element-536eb709 elementor-widget elementor-widget-heading\" data-id=\"536eb709\" data-element_type=\"widget\" data-e-type=\"widget\" data-widget_type=\"heading.default\">\n\t\t\t\t\t<h2 class=\"elementor-heading-title elementor-size-default\"><a href=\"\/es\/superior-rooms\/san-agustin\/\">San Agust\u00edn<\/a><\/h2>\t\t\t\t<\/div>\n\t\t\t\t<div class=\"elementor-element elementor-element-1cc77b8 elementor-widget elementor-widget-image\" data-id=\"1cc77b8\" data-element_type=\"widget\" data-e-type=\"widget\" data-widget_type=\"image.default\">\n\t\t\t\t\t\t\t\t\t\t\t\t\t\t\t\t<a href=\"\/es\/superior-rooms\/san-agustin\/\">\n\t\t\t\t\t\t\t<img decoding=\"async\" src=\"https:\/\/hotelbasilicaquito.com\/wp-content\/uploads\/elementor\/thumbs\/HSA001-1-scaled-qmua1sclcfxrhyeuu6mbj4d3u5dmzxpu42krri7dtk.jpg\" title=\"HSA001\" alt=\"HSA001\" loading=\"lazy\" \/>\t\t\t\t\t\t\t\t<\/a>\n\t\t\t\t\t\t\t\t\t\t\t\t\t\t\t<\/div>\n\t\t\t\t<div class=\"elementor-element elementor-element-5fc4d50e elementor-align-center elementor-widget elementor-widget-button\" data-id=\"5fc4d50e\" data-element_type=\"widget\" data-e-type=\"widget\" data-widget_type=\"button.default\">\n\t\t\t\t\t\t\t\t\t\t<a class=\"elementor-button elementor-button-link elementor-size-sm\" href=\"\/es\/superior-rooms\/san-agustin\/\">\n\t\t\t\t\t\t<span class=\"elementor-button-content-wrapper\">\n\t\t\t\t\t\t\t\t\t<span class=\"elementor-button-text\">Ver habitaci\u00f3n<\/span>\n\t\t\t\t\t<\/span>\n\t\t\t\t\t<\/a>\n\t\t\t\t\t\t\t\t<\/div>\n\t\t\t\t\t<\/div>\n\t\t<\/div>\n\t\t\t\t\t<\/div>\n\t\t<\/section>\n\t\t\t\t<\/div>","protected":false},"excerpt":{"rendered":"<p>Superior Rooms These rooms can accommodate 1 to 2 people with a king-size bed, furniture such as beds, desk, wardrobe, tables and chairs carved in wood by hand. All rooms have heating, smoke free. Book Now La Compa\u00f1\u00eda See Room San Agust\u00edn See Room<\/p>","protected":false},"author":1,"featured_media":0,"parent":0,"menu_order":0,"comment_status":"closed","ping_status":"closed","template":"elementor_canvas","meta":{"footnotes":""},"class_list":["post-1793","page","type-page","status-publish","hentry"],"_links":{"self":[{"href":"https:\/\/hotelbasilicaquito.com\/es\/wp-json\/wp\/v2\/pages\/1793","targetHints":{"allow":["GET"]}}],"collection":[{"href":"https:\/\/hotelbasilicaquito.com\/es\/wp-json\/wp\/v2\/pages"}],"about":[{"href":"https:\/\/hotelbasilicaquito.com\/es\/wp-json\/wp\/v2\/types\/page"}],"author":[{"embeddable":true,"href":"https:\/\/hotelbasilicaquito.com\/es\/wp-json\/wp\/v2\/users\/1"}],"replies":[{"embeddable":true,"href":"https:\/\/hotelbasilicaquito.com\/es\/wp-json\/wp\/v2\/comments?post=1793"}],"version-history":[{"count":7,"href":"https:\/\/hotelbasilicaquito.com\/es\/wp-json\/wp\/v2\/pages\/1793\/revisions"}],"predecessor-version":[{"id":2384,"href":"https:\/\/hotelbasilicaquito.com\/es\/wp-json\/wp\/v2\/pages\/1793\/revisions\/2384"}],"wp:attachment":[{"href":"https:\/\/hotelbasilicaquito.com\/es\/wp-json\/wp\/v2\/media?parent=1793"}],"curies":[{"name":"wp","href":"https:\/\/api.w.org\/{rel}","templated":true}]}}