{"id":1882,"date":"2023-05-30T21:48:32","date_gmt":"2023-05-30T21:48:32","guid":{"rendered":"https:\/\/basilica.easywebecuador.com\/?page_id=1882"},"modified":"2023-07-10T20:26:23","modified_gmt":"2023-07-10T20:26:23","slug":"booking-policies","status":"publish","type":"page","link":"https:\/\/hotelbasilicaquito.com\/es\/booking-policies\/","title":{"rendered":"Pol\u00edticas de Reserva"},"content":{"rendered":"<div data-elementor-type=\"wp-page\" data-elementor-id=\"1882\" class=\"elementor elementor-1882\" data-elementor-post-type=\"page\">\n\t\t\t\t\t\t<section class=\"elementor-section elementor-top-section elementor-element elementor-element-0573ae5 elementor-section-full_width elementor-section-height-min-height elementor-section-stretched elementor-section-height-default elementor-section-items-middle wpr-particle-no wpr-jarallax-no wpr-parallax-no wpr-sticky-section-no\" data-id=\"0573ae5\" data-element_type=\"section\" data-e-type=\"section\" data-settings=\"{&quot;stretch_section&quot;:&quot;section-stretched&quot;,&quot;background_background&quot;:&quot;classic&quot;}\">\n\t\t\t\t\t\t<div class=\"elementor-container elementor-column-gap-no\">\n\t\t\t\t\t<div class=\"elementor-column elementor-col-100 elementor-top-column elementor-element elementor-element-ec81701\" data-id=\"ec81701\" data-element_type=\"column\" data-e-type=\"column\">\n\t\t\t<div class=\"elementor-widget-wrap\">\n\t\t\t\t\t\t\t<\/div>\n\t\t<\/div>\n\t\t\t\t\t<\/div>\n\t\t<\/section>\n\t\t\t\t<section class=\"elementor-section elementor-top-section elementor-element elementor-element-9f5deed elementor-section-boxed elementor-section-height-default elementor-section-height-default wpr-particle-no wpr-jarallax-no wpr-parallax-no wpr-sticky-section-no\" data-id=\"9f5deed\" data-element_type=\"section\" data-e-type=\"section\">\n\t\t\t\t\t\t<div class=\"elementor-container elementor-column-gap-default\">\n\t\t\t\t\t<div class=\"elementor-column elementor-col-25 elementor-top-column elementor-element elementor-element-dd41c3e\" data-id=\"dd41c3e\" data-element_type=\"column\" data-e-type=\"column\">\n\t\t\t<div class=\"elementor-widget-wrap\">\n\t\t\t\t\t\t\t<\/div>\n\t\t<\/div>\n\t\t\t\t<div class=\"elementor-column elementor-col-50 elementor-top-column elementor-element elementor-element-63f46bc\" data-id=\"63f46bc\" data-element_type=\"column\" data-e-type=\"column\">\n\t\t\t<div class=\"elementor-widget-wrap elementor-element-populated\">\n\t\t\t\t\t\t<div class=\"elementor-element elementor-element-4717eef elementor-widget elementor-widget-heading\" data-id=\"4717eef\" data-element_type=\"widget\" data-e-type=\"widget\" data-widget_type=\"heading.default\">\n\t\t\t\t\t<h2 class=\"elementor-heading-title elementor-size-default\">Bienvenidos a un Boutique Hotel Bas\u00edlica en el Centro Hist\u00f3rico de Quito<\/h2>\t\t\t\t<\/div>\n\t\t\t\t<div class=\"elementor-element elementor-element-7d3fb13 elementor-widget elementor-widget-heading\" data-id=\"7d3fb13\" data-element_type=\"widget\" data-e-type=\"widget\" data-widget_type=\"heading.default\">\n\t\t\t\t\t<h2 class=\"elementor-heading-title elementor-size-default\">Pol\u00edticas de Reserva <\/h2>\t\t\t\t<\/div>\n\t\t\t\t<div class=\"elementor-element elementor-element-b5cac28 elementor-widget elementor-widget-text-editor\" data-id=\"b5cac28\" data-element_type=\"widget\" data-e-type=\"widget\" data-widget_type=\"text-editor.default\">\n\t\t\t\t\t\t\t\t\t<ul><li>The booking is made, it can be done free of charge whenever the request for cancellation is made 14 days before the arrival date to the hotel.<\/li><\/ul><ul><li>If cancellation is made 14 days before arrival date at the hotel, the hotel will retain the value of 1 night<\/li><\/ul><ul><li>Si la cancelaci\u00f3n se realiza 2 d\u00edas antes de la llegada al hotel, el hotel no har\u00e1 reembolso de la reserva.<\/li><\/ul><ul><li class=\"translation-block\">La cancelaci\u00f3n deber\u00e1 realizarse mediante comunicaci\u00f3n escrita a: <a href=\"mailto:hotelbasilicaquito@hotmail.com\" target=\"_blank\" rel=\"noopener noreferrer\">hotelbasilicaquito@hotmail.com<\/a><\/li><\/ul><p>.<\/p><p>.<\/p><h4><em><strong>Gracias por hacer su reserva en el Boutique Hotel Bas\u00edlica, estaremos encantados de atenderle.<\/strong><\/em><\/h4>\t\t\t\t\t\t\t\t<\/div>\n\t\t\t\t\t<\/div>\n\t\t<\/div>\n\t\t\t\t<div class=\"elementor-column elementor-col-25 elementor-top-column elementor-element elementor-element-f919419\" data-id=\"f919419\" data-element_type=\"column\" data-e-type=\"column\">\n\t\t\t<div class=\"elementor-widget-wrap\">\n\t\t\t\t\t\t\t<\/div>\n\t\t<\/div>\n\t\t\t\t\t<\/div>\n\t\t<\/section>\n\t\t\t\t<\/div>","protected":false},"excerpt":{"rendered":"<p>Welcome to a Boutique Hotel Basilica in the Historic Center of Quito Booking Policies The booking is made, it can be done free of charge whenever the request for cancellation is made 14 days before the arrival date to the hotel. If cancellation is made 14 days before arrival date at the hotel, the hotel will retain the value of 1 night If the cancellation is made 2 days before the date of arrival at the hotel, there will be no refund. The cancellation should be made through a written communication to: hotelbasilicaquito@hotmail.com . . Thank you for making your reservation at the Boutique Hotel Basilica, we will be so glad to serve you.<\/p>","protected":false},"author":1,"featured_media":0,"parent":0,"menu_order":0,"comment_status":"closed","ping_status":"closed","template":"elementor_canvas","meta":{"footnotes":""},"class_list":["post-1882","page","type-page","status-publish","hentry"],"_links":{"self":[{"href":"https:\/\/hotelbasilicaquito.com\/es\/wp-json\/wp\/v2\/pages\/1882","targetHints":{"allow":["GET"]}}],"collection":[{"href":"https:\/\/hotelbasilicaquito.com\/es\/wp-json\/wp\/v2\/pages"}],"about":[{"href":"https:\/\/hotelbasilicaquito.com\/es\/wp-json\/wp\/v2\/types\/page"}],"author":[{"embeddable":true,"href":"https:\/\/hotelbasilicaquito.com\/es\/wp-json\/wp\/v2\/users\/1"}],"replies":[{"embeddable":true,"href":"https:\/\/hotelbasilicaquito.com\/es\/wp-json\/wp\/v2\/comments?post=1882"}],"version-history":[{"count":8,"href":"https:\/\/hotelbasilicaquito.com\/es\/wp-json\/wp\/v2\/pages\/1882\/revisions"}],"predecessor-version":[{"id":2387,"href":"https:\/\/hotelbasilicaquito.com\/es\/wp-json\/wp\/v2\/pages\/1882\/revisions\/2387"}],"wp:attachment":[{"href":"https:\/\/hotelbasilicaquito.com\/es\/wp-json\/wp\/v2\/media?parent=1882"}],"curies":[{"name":"wp","href":"https:\/\/api.w.org\/{rel}","templated":true}]}}