{"id":2864,"date":"2024-05-29T16:39:00","date_gmt":"2024-05-29T16:39:00","guid":{"rendered":"https:\/\/hotelbasilicaquito.com\/?page_id=2864"},"modified":"2024-06-03T15:58:10","modified_gmt":"2024-06-03T15:58:10","slug":"cookie-policy","status":"publish","type":"page","link":"https:\/\/hotelbasilicaquito.com\/es\/cookie-policy\/","title":{"rendered":"Cookie policy"},"content":{"rendered":"<div data-elementor-type=\"wp-page\" data-elementor-id=\"2864\" class=\"elementor elementor-2864\" data-elementor-post-type=\"page\">\n\t\t\t\t\t\t<section class=\"elementor-section elementor-top-section elementor-element elementor-element-126f8e7 elementor-section-full_width elementor-section-height-min-height elementor-section-stretched elementor-section-height-default elementor-section-items-middle wpr-particle-no wpr-jarallax-no wpr-parallax-no wpr-sticky-section-no\" data-id=\"126f8e7\" data-element_type=\"section\" data-e-type=\"section\" data-settings=\"{&quot;stretch_section&quot;:&quot;section-stretched&quot;,&quot;background_background&quot;:&quot;classic&quot;}\">\n\t\t\t\t\t\t<div class=\"elementor-container elementor-column-gap-no\">\n\t\t\t\t\t<div class=\"elementor-column elementor-col-100 elementor-top-column elementor-element elementor-element-2913b24\" data-id=\"2913b24\" data-element_type=\"column\" data-e-type=\"column\">\n\t\t\t<div class=\"elementor-widget-wrap\">\n\t\t\t\t\t\t\t<\/div>\n\t\t<\/div>\n\t\t\t\t\t<\/div>\n\t\t<\/section>\n\t\t<div class=\"elementor-element elementor-element-832626f e-con-full e-flex wpr-particle-no wpr-jarallax-no wpr-parallax-no wpr-sticky-section-no e-con e-parent\" data-id=\"832626f\" data-element_type=\"container\" data-e-type=\"container\">\n\t\t\t\t<div class=\"elementor-element elementor-element-1758bdd elementor-widget elementor-widget-heading\" data-id=\"1758bdd\" data-element_type=\"widget\" data-e-type=\"widget\" data-widget_type=\"heading.default\">\n\t\t\t\t\t<h2 class=\"elementor-heading-title elementor-size-default\">POL\u00cdTICA DE COOKIES\n<\/h2>\t\t\t\t<\/div>\n\t\t\t\t<\/div>\n\t\t\t\t<section class=\"elementor-section elementor-top-section elementor-element elementor-element-36ca30d elementor-section-boxed elementor-section-height-default elementor-section-height-default wpr-particle-no wpr-jarallax-no wpr-parallax-no wpr-sticky-section-no\" data-id=\"36ca30d\" data-element_type=\"section\" data-e-type=\"section\">\n\t\t\t\t\t\t<div class=\"elementor-container elementor-column-gap-default\">\n\t\t\t\t\t<div class=\"elementor-column elementor-col-25 elementor-top-column elementor-element elementor-element-841f41b\" data-id=\"841f41b\" data-element_type=\"column\" data-e-type=\"column\">\n\t\t\t<div class=\"elementor-widget-wrap\">\n\t\t\t\t\t\t\t<\/div>\n\t\t<\/div>\n\t\t\t\t<div class=\"elementor-column elementor-col-50 elementor-top-column elementor-element elementor-element-1f3d0dc\" data-id=\"1f3d0dc\" data-element_type=\"column\" data-e-type=\"column\">\n\t\t\t<div class=\"elementor-widget-wrap elementor-element-populated\">\n\t\t\t\t\t\t<div class=\"elementor-element elementor-element-159ea94 elementor-widget elementor-widget-image\" data-id=\"159ea94\" data-element_type=\"widget\" data-e-type=\"widget\" data-widget_type=\"image.default\">\n\t\t\t\t\t\t\t\t\t\t\t\t\t\t\t<img decoding=\"async\" width=\"300\" height=\"16\" src=\"https:\/\/hotelbasilicaquito.com\/wp-content\/uploads\/2019\/01\/bar_separator.png\" class=\"attachment-large size-large wp-image-545\" alt=\"\" \/>\t\t\t\t\t\t\t\t\t\t\t\t\t\t\t<\/div>\n\t\t\t\t<div class=\"elementor-element elementor-element-6d50d44 elementor-widget elementor-widget-text-editor\" data-id=\"6d50d44\" data-element_type=\"widget\" data-e-type=\"widget\" data-widget_type=\"text-editor.default\">\n\t\t\t\t\t\t\t\t\t<p class=\"translation-block\">En el sitio web <a href=\"https:\/\/hotelbasilicaquito.com\/es\/\" target=\"_self\">https:\/\/www.hotelbasilicaquito.com<\/a> utilizamos cookies para facilitar la relaci\u00f3n de los visitantes con nuestro contenido y permitir para recopilar estad\u00edsticas sobre los visitantes que recibimos.<\/p>\n<p>En cumplimiento de la Directiva 2009\/136\/CE, desarrollada en nuestro sistema por el apartado segundo del art\u00edculo 22 de la Ley de Servicios de la Sociedad de la Informaci\u00f3n, siguiendo las directrices de la Agencia Espa\u00f1ola de Protecci\u00f3n de Datos, procedemos a informarle detalladamente del uso que se realiza. realizado en nuestro sitio web.<\/p>\n<p>Las cookies son peque\u00f1os archivos que se registran en el navegador utilizado por cada visitante de nuestro sitio web para que el servidor pueda recordar la visita de ese usuario posteriormente cuando vuelva a acceder a nuestro contenido. Esta informaci\u00f3n no revela su identidad ni ning\u00fan dato personal, ni accede al contenido almacenado en su PC, pero s\u00ed permite que nuestro sistema lo identifique como un usuario espec\u00edfico que ha visitado previamente el sitio web, visto ciertas p\u00e1ginas, etc. Tambi\u00e9n te permite guardar tus preferencias personales e informaci\u00f3n t\u00e9cnica como las visitas realizadas o las p\u00e1ginas espec\u00edficas que visitas.<\/p>\n<p>Si no desea que se guarden cookies en su navegador o prefiere recibir informaci\u00f3n cada vez que una cookie solicita su instalaci\u00f3n, puede configurar sus opciones de navegaci\u00f3n para ello. La mayor\u00eda de navegadores permiten la gesti\u00f3n de cookies de 3 formas diferentes:<\/p>\t\t\t\t\t\t\t\t<\/div>\n\t\t\t\t<div class=\"elementor-element elementor-element-eeb5747 elementor-widget elementor-widget-text-editor\" data-id=\"eeb5747\" data-element_type=\"widget\" data-e-type=\"widget\" data-widget_type=\"text-editor.default\">\n\t\t\t\t\t\t\t\t\t<ul><li>Las cookies siempre se rechazan;<\/li><li>El navegador pregunta si el usuario desea instalar cada cookie;<\/li><li>Siempre se aceptan cookies;<\/li><\/ul>\t\t\t\t\t\t\t\t<\/div>\n\t\t\t\t<div class=\"elementor-element elementor-element-ea884ae elementor-widget elementor-widget-text-editor\" data-id=\"ea884ae\" data-element_type=\"widget\" data-e-type=\"widget\" data-widget_type=\"text-editor.default\">\n\t\t\t\t\t\t\t\t\t<p>Su navegador tambi\u00e9n puede incluir la posibilidad de seleccionar detalladamente las cookies que desea que se instalen en su ordenador. En concreto, el usuario normalmente podr\u00e1 aceptar una de las siguientes opciones:<\/p><ul><li>rechazar las cookies de determinados dominios;<\/li><li>rechazar las cookies de terceros;<\/li><li>aceptar las cookies como no persistentes (se eliminan al cerrar el navegador);<\/li><li>Permitir al servidor crear cookies para un dominio diferente.<\/li><\/ul>\t\t\t\t\t\t\t\t<\/div>\n\t\t\t\t<div class=\"elementor-element elementor-element-92ef88e elementor-widget elementor-widget-text-editor\" data-id=\"92ef88e\" data-element_type=\"widget\" data-e-type=\"widget\" data-widget_type=\"text-editor.default\">\n\t\t\t\t\t\t\t\t\t<p><strong>Para permitir, conocer, bloquear o eliminar las cookies instaladas en su equipo puede hacerlo mediante la configuraci\u00f3n de las opciones del navegador instalado en su ordenador.<\/strong><\/p>\t\t\t\t\t\t\t\t<\/div>\n\t\t\t\t<div class=\"elementor-element elementor-element-5f47b53 elementor-widget elementor-widget-text-editor\" data-id=\"5f47b53\" data-element_type=\"widget\" data-e-type=\"widget\" data-widget_type=\"text-editor.default\">\n\t\t\t\t\t\t\t\t\t<p>Puede encontrar informaci\u00f3n sobre c\u00f3mo configurar los navegadores m\u00e1s utilizados en las siguientes ubicaciones:<\/p><ul><li class=\"translation-block\">Internet Explorer: Herramientas -&gt; Opciones de Internet -&gt; Privacidad -&gt; Configuraci\u00f3n. Para obtener m\u00e1s informaci\u00f3n, puede consultar el <a href=\"https:\/\/support.microsoft.com\/en-us\/windows\" target=\"_self\">soporte de Microsoft<\/a> o la ayuda del navegador.<\/li><li class=\"translation-block\">Firefox: Herramientas -&gt; Opciones -&gt; Privacidad -&gt; Historial -&gt; Configuraci\u00f3n personalizada. Para obtener m\u00e1s informaci\u00f3n, puede consultar el <a href=\"https:\/\/support.mozilla.org\/en-US\/\" target=\"_self\">soporte de Mozilla<\/a> o la Ayuda del navegador.<\/li><li class=\"translation-block\">Chrome: Configuraci\u00f3n -&gt; Mostrar opciones avanzadas -&gt; Privacidad -&gt; Configuraci\u00f3n de contenido. Para obtener m\u00e1s informaci\u00f3n, puede consultar el <a href=\"https:\/\/support.google.com\/chrome\/#topic=7439538\" target=\"_self\">soporte de Google<\/a> o la ayuda del navegador.<\/li><li class=\"translation-block\">Safari: Preferencias -&gt; Seguridad. Para obtener m\u00e1s informaci\u00f3n, puede consultar el <a href=\"https:\/\/support.apple.com\/safari\" target=\"_self\">Soporte de Apple<\/a> o la Ayuda del navegador.<\/li><\/ul><p>Respecto a las cookies de terceros, es decir aquellas que no est\u00e1n relacionadas con nuestro sitio web, no podemos hacernos responsables del contenido y veracidad de las pol\u00edticas de privacidad que incluyen, por lo que la informaci\u00f3n que ofrecemos es siempre con referencia a la fuente.<\/p><p>A continuaci\u00f3n le informamos detalladamente sobre las cookies que se pueden instalar desde nuestro sitio web. Dependiendo de tu navegaci\u00f3n podr\u00e1n estar instalados todos o s\u00f3lo algunos.<\/p>\t\t\t\t\t\t\t\t<\/div>\n\t\t\t\t\t<\/div>\n\t\t<\/div>\n\t\t\t\t<div class=\"elementor-column elementor-col-25 elementor-top-column elementor-element elementor-element-579a030\" data-id=\"579a030\" data-element_type=\"column\" data-e-type=\"column\">\n\t\t\t<div class=\"elementor-widget-wrap\">\n\t\t\t\t\t\t\t<\/div>\n\t\t<\/div>\n\t\t\t\t\t<\/div>\n\t\t<\/section>\n\t\t\t\t<section class=\"elementor-section elementor-top-section elementor-element elementor-element-5857c5d elementor-section-boxed elementor-section-height-default elementor-section-height-default wpr-particle-no wpr-jarallax-no wpr-parallax-no wpr-sticky-section-no\" data-id=\"5857c5d\" data-element_type=\"section\" data-e-type=\"section\">\n\t\t\t\t\t\t<div class=\"elementor-container elementor-column-gap-default\">\n\t\t\t\t\t<div class=\"elementor-column elementor-col-25 elementor-top-column elementor-element elementor-element-c96e249\" data-id=\"c96e249\" data-element_type=\"column\" data-e-type=\"column\">\n\t\t\t<div class=\"elementor-widget-wrap\">\n\t\t\t\t\t\t\t<\/div>\n\t\t<\/div>\n\t\t\t\t<div class=\"elementor-column elementor-col-50 elementor-top-column elementor-element elementor-element-dfcc009\" data-id=\"dfcc009\" data-element_type=\"column\" data-e-type=\"column\">\n\t\t\t<div class=\"elementor-widget-wrap elementor-element-populated\">\n\t\t\t\t\t\t<div class=\"elementor-element elementor-element-8ca49f4 elementor-widget elementor-widget-heading\" data-id=\"8ca49f4\" data-element_type=\"widget\" data-e-type=\"widget\" data-widget_type=\"heading.default\">\n\t\t\t\t\t<h2 class=\"elementor-heading-title elementor-size-default\"><span style=\"color: var( --e-global-color-primary );font-size: 24px\">COOKIES PROPIAS\n<\/span><\/h2>\t\t\t\t<\/div>\n\t\t\t\t<div class=\"elementor-element elementor-element-561de25 elementor-widget elementor-widget-text-editor\" data-id=\"561de25\" data-element_type=\"widget\" data-e-type=\"widget\" data-widget_type=\"text-editor.default\">\n\t\t\t\t\t\t\t\t\t<p class=\"translation-block\"><strong>Personalizaci\u00f3n:<\/strong> Ayudan a recordar con qu\u00e9 personas o sitios web has interactuado, para poder mostrarte contenido relacionado.<\/p><p>\u00a0<\/p><p class=\"translation-block\"><strong>Preferencias:<\/strong> le permite recordar su configuraci\u00f3n y preferencias, como su idioma preferido y su configuraci\u00f3n de privacidad.<\/p><p>\u00a0<\/p><p class=\"translation-block\"><strong>Seguridad:<\/strong> Utilizo cookies para evitar riesgos de seguridad.<\/p>\t\t\t\t\t\t\t\t<\/div>\n\t\t\t\t\t<\/div>\n\t\t<\/div>\n\t\t\t\t<div class=\"elementor-column elementor-col-25 elementor-top-column elementor-element elementor-element-330171d\" data-id=\"330171d\" data-element_type=\"column\" data-e-type=\"column\">\n\t\t\t<div class=\"elementor-widget-wrap\">\n\t\t\t\t\t\t\t<\/div>\n\t\t<\/div>\n\t\t\t\t\t<\/div>\n\t\t<\/section>\n\t\t\t\t<section class=\"elementor-section elementor-top-section elementor-element elementor-element-0008675 elementor-section-boxed elementor-section-height-default elementor-section-height-default wpr-particle-no wpr-jarallax-no wpr-parallax-no wpr-sticky-section-no\" data-id=\"0008675\" data-element_type=\"section\" data-e-type=\"section\">\n\t\t\t\t\t\t<div class=\"elementor-container elementor-column-gap-default\">\n\t\t\t\t\t<div class=\"elementor-column elementor-col-25 elementor-top-column elementor-element elementor-element-c79df09\" data-id=\"c79df09\" data-element_type=\"column\" data-e-type=\"column\">\n\t\t\t<div class=\"elementor-widget-wrap\">\n\t\t\t\t\t\t\t<\/div>\n\t\t<\/div>\n\t\t\t\t<div class=\"elementor-column elementor-col-50 elementor-top-column elementor-element elementor-element-a5cc9cc\" data-id=\"a5cc9cc\" data-element_type=\"column\" data-e-type=\"column\">\n\t\t\t<div class=\"elementor-widget-wrap elementor-element-populated\">\n\t\t\t\t\t\t<div class=\"elementor-element elementor-element-2b9e794 elementor-widget elementor-widget-heading\" data-id=\"2b9e794\" data-element_type=\"widget\" data-e-type=\"widget\" data-widget_type=\"heading.default\">\n\t\t\t\t\t<h2 class=\"elementor-heading-title elementor-size-default\"><span style=\"color: var( --e-global-color-primary );font-size: 24px\">COOKIES DE TERCEROS<\/span><\/h2>\t\t\t\t<\/div>\n\t\t\t\t<div class=\"elementor-element elementor-element-937d4f2 elementor-widget elementor-widget-text-editor\" data-id=\"937d4f2\" data-element_type=\"widget\" data-e-type=\"widget\" data-widget_type=\"text-editor.default\">\n\t\t\t\t\t\t\t\t\t<p class=\"translation-block\">Este sitio web utiliza servicios de an\u00e1lisis, en concreto, Google Analytics para ayudar al sitio web a analizar el uso que hacen los usuarios del sitio web y mejorar su usabilidad, pero en ning\u00fan caso se asocian con datos que puedan identificar al usuario. Google Analytics es un servicio de anal\u00edtica web prestado por Google, Inc.. El usuario puede consultar <a href=\"https:\/\/policies.google.com\/technologies\/cookies?hl=es&amp;gl=es#types-of-cookies\">aqu\u00ed<\/a> el tipo de cookies utilizadas por Google.<\/p><p class=\"translation-block\">Hotel La Bas\u00edlica es usuario de la plataforma de suministro y alojamiento de blogs WordPress, propiedad de la empresa norteamericana Automattic, Inc. A estos efectos, los usos de dichas cookies por parte de los sistemas nunca est\u00e1n bajo el control o gesti\u00f3n del responsable del sitio web, podr\u00e1n cambiar su funci\u00f3n en cualquier momento, e introducir nuevas cookies. Estas cookies no proporcionan ning\u00fan beneficio al responsable de este sitio web. Automattic, Inc., tambi\u00e9n utiliza otras cookies para ayudar a identificar y rastrear a los visitantes de los sitios de WordPress, comprender su uso del sitio web de Automattic, as\u00ed como sus preferencias de acceso, tal como se incluye en la secci\u00f3n Cookies de su <a href=\"https:\/\/automattic.com\/privacy\/\" target=\"_self\">pol\u00edtica de privacidad<\/a>.<\/p><p>Las cookies de redes sociales pueden almacenarse en tu navegador mientras navegas por los sitios web de Hotel La Bas\u00edlica, por ejemplo, cuando utilizas el bot\u00f3n de compartir contenidos del sitio web en una red social.<\/p><p>A continuaci\u00f3n tienes informaci\u00f3n sobre las cookies de las redes sociales que utiliza este sitio web en sus propias pol\u00edticas de cookies:<\/p>\t\t\t\t\t\t\t\t<\/div>\n\t\t\t\t<div class=\"elementor-element elementor-element-cd083bf elementor-widget elementor-widget-text-editor\" data-id=\"cd083bf\" data-element_type=\"widget\" data-e-type=\"widget\" data-widget_type=\"text-editor.default\">\n\t\t\t\t\t\t\t\t\t<ul><li class=\"translation-block\">Cookies de Facebook, ver m\u00e1s informaci\u00f3n en su <a href=\"https:\/\/www.facebook.com\/privacy\/policies\/cookies\/?entry_point=cookie_policy_redirect&amp;entry=0\" target=\"_self\">pol\u00edtica de cookies<\/a><\/li><li class=\"translation-block\">Cookies de Youtube, ver m\u00e1s informaci\u00f3n en su <a href=\"https:\/\/policies.google.com\/technologies\/cookies?hl=es#types-of-cookies\" target=\"_self\">pol\u00edtica de cookies<\/a><\/li><\/ul>\t\t\t\t\t\t\t\t<\/div>\n\t\t\t\t<div class=\"elementor-element elementor-element-3cbaf9a elementor-widget elementor-widget-text-editor\" data-id=\"3cbaf9a\" data-element_type=\"widget\" data-e-type=\"widget\" data-widget_type=\"text-editor.default\">\n\t\t\t\t\t\t\t\t\t<p class=\"translation-block\">Llevo a cabo acciones de remarketing a trav\u00e9s de <strong>anuncios de Facebook<\/strong>, que utilizan cookies para ayudarme a ofrecer anuncios en l\u00ednea espec\u00edficos basados \u200b\u200ben visitas anteriores a mi sitio web. Como usuario de Internet, puedes eliminar informaci\u00f3n sobre tus h\u00e1bitos en cualquier momento. navegaci\u00f3n y el perfil relacionado que ha generado los h\u00e1bitos antes mencionados, accediendo directa y gratuitamente a: <a href=\"https:\/\/www.google.com\/settings\/ads\/preferences?hl=es\" target=\"_self\">https:\/\/www.google.com\/settings\/ads\/preferences?hl=es<\/a>.<\/p><p>\u00a0<\/p><p>Documento revisado el 29-05-2024.<\/p>\t\t\t\t\t\t\t\t<\/div>\n\t\t\t\t\t<\/div>\n\t\t<\/div>\n\t\t\t\t<div class=\"elementor-column elementor-col-25 elementor-top-column elementor-element elementor-element-309c991\" data-id=\"309c991\" data-element_type=\"column\" data-e-type=\"column\">\n\t\t\t<div class=\"elementor-widget-wrap\">\n\t\t\t\t\t\t\t<\/div>\n\t\t<\/div>\n\t\t\t\t\t<\/div>\n\t\t<\/section>\n\t\t\t\t<\/div>","protected":false},"excerpt":{"rendered":"<p>COOKIES POLICY On the website https:\/\/www.hotelbasilicaquito.com we use cookies to facilitate the relationship of visitors with our content and to allow us to compile statistics about the visitors we receive. In compliance with Directive 2009\/136\/EC, developed in our system by the second section of article 22 of the Information Society Services Law, following the guidelines of the Spanish Data Protection Agency, we proceed to inform you in detail of the use that is made on our website. Cookies are small files that are recorded in the browser used by each visitor to our website so that the server can remember that user&#8217;s visit later when they access our content again. This information does not reveal your identity or any personal data, nor does it access the content stored on your PC, but it does allow our system to identify you as a specific user who has previously visited the website, viewed certain pages, etc. and also allows you to save your personal preferences and technical information such as visits made or specific pages you visit. If you do not want cookies to be saved in your browser or you prefer to receive information each time a cookie requests to be installed, you can configure your browsing options to do so. Most browsers allow cookies to be managed in 3 different ways: Cookies are always rejected; The browser asks if the user wants to install each cookie; Cookies are always accepted; Your browser may also include the ability to select in detail the cookies you wish to be installed on your computer. Specifically, the user can normally accept one of the following options: reject cookies from certain domains; reject third-party cookies; accept cookies as non-persistent (they are deleted when the browser is closed); allow the server to create cookies for a different domain. To allow, know, block or delete the cookies installed on your computer, you can do so by configuring the options of the browser installed on your computer. You can find information on how to configure the most used browsers in the following locations: Internet Explorer: Tools -&gt; Internet Options -&gt; Privacy -&gt; Settings. For more information, you can consult Microsoft support or browser Help. Firefox: Tools -&gt; Options -&gt; Privacy -&gt; History -&gt; Custom Settings. For more information, you can consult Mozilla support or the browser Help. Chrome: Settings -&gt; Show advanced options -&gt; Privacy -&gt; Content settings. For more information, you can consult Google support or browser Help. Safari: Preferences -&gt; Security. For more information, you can consult Apple Support or Browser Help. Regarding third-party cookies, that is, those that are not related to our website, we cannot be responsible for the content and veracity of the privacy policies they include, so the information we offer is always with reference to the source. Below we inform you in detail about the cookies that can be installed from our website. Depending on your navigation, all or just some of them may be installed. OWN COOKIES Personalization: They help remember which people or websites you have interacted with, so it can show you related content. \u00a0 Preferences: Allow you to remember your settings and preferences, such as your preferred language and privacy settings. \u00a0 Security: I use cookies to avoid security risks. THIRD PARTY COOKIES This website uses analysis services, specifically, Google Analytics to help the website analyze the use made by users of the website and improve its usability, but in no case are they associated with data that could identify the user. Google Analytics is a web analytics service provided by Google, Inc.. The user can consult here the type of cookies used by Google. Hotel La Bas\u00edlica is a user of the WordPress blog supply and hosting platform, property of the North American company Automattic, Inc. For these purposes, the uses of such cookies by the systems are never under the control or management of the person responsible for the website, they may change its function at any time, and enter new cookies. These cookies do not provide the person responsible for this website with any benefit. Automattic, Inc., also uses other cookies in order to help identify and track visitors to WordPress sites, understand their use of the Automattic website, as well as their access preferences, as It is included in the Cookies section of your privacy policy. Social network cookies may be stored in your browser while you browse the Hotel La Bas\u00edlica websites, for example, when you use the button to share website content on a social network. Below you have information about the cookies of the social networks that this website uses in their own cookie policies: Facebook cookies, see more information in its cookie policy Youtube cookies, see more information in its cookie policy I carry out remarketing actions through Facebook ads, which uses cookies to help me deliver targeted online ads based on previous visits to my website. As an Internet user, you can delete information about your habits at any time. navigation and the related profile that has generated the aforementioned habits, accessing directly and free of charge to: https:\/\/www.google.com\/settings\/ads\/preferences?hl=es. \u00a0 Document reviewed on 29-05-2024.<\/p>","protected":false},"author":1,"featured_media":0,"parent":0,"menu_order":0,"comment_status":"closed","ping_status":"closed","template":"elementor_canvas","meta":{"footnotes":""},"class_list":["post-2864","page","type-page","status-publish","hentry"],"_links":{"self":[{"href":"https:\/\/hotelbasilicaquito.com\/es\/wp-json\/wp\/v2\/pages\/2864","targetHints":{"allow":["GET"]}}],"collection":[{"href":"https:\/\/hotelbasilicaquito.com\/es\/wp-json\/wp\/v2\/pages"}],"about":[{"href":"https:\/\/hotelbasilicaquito.com\/es\/wp-json\/wp\/v2\/types\/page"}],"author":[{"embeddable":true,"href":"https:\/\/hotelbasilicaquito.com\/es\/wp-json\/wp\/v2\/users\/1"}],"replies":[{"embeddable":true,"href":"https:\/\/hotelbasilicaquito.com\/es\/wp-json\/wp\/v2\/comments?post=2864"}],"version-history":[{"count":44,"href":"https:\/\/hotelbasilicaquito.com\/es\/wp-json\/wp\/v2\/pages\/2864\/revisions"}],"predecessor-version":[{"id":3085,"href":"https:\/\/hotelbasilicaquito.com\/es\/wp-json\/wp\/v2\/pages\/2864\/revisions\/3085"}],"wp:attachment":[{"href":"https:\/\/hotelbasilicaquito.com\/es\/wp-json\/wp\/v2\/media?parent=2864"}],"curies":[{"name":"wp","href":"https:\/\/api.w.org\/{rel}","templated":true}]}}